{"id":2736,"date":"2017-08-23T14:52:34","date_gmt":"2017-08-23T14:52:34","guid":{"rendered":"https:\/\/www.casaalvicolo.it\/dintorni\/"},"modified":"2021-05-03T15:03:03","modified_gmt":"2021-05-03T15:03:03","slug":"dintorni","status":"publish","type":"page","link":"https:\/\/www.casaalvicolo.it\/de\/dintorni\/","title":{"rendered":"Umfeld"},"content":{"rendered":"<p>[vc_row full_width=&#8220;stretch_row_content_no_spaces&#8220; css=&#8220;.vc_custom_1617022161546{background-position: center !important;background-repeat: no-repeat !important;background-size: cover !important;}&#8220; el_class=&#8220;nd_options_overflow_visible_important&#8220;][vc_column][vc_row_inner el_class=&#8220;nd_options_bg_greydark_alpha_gradient_3 g gweb_padding_bottom_100_no_responsive gweb_padding_top_100_no_responsiveweb_padding_bottom_100_no_responsive gweb_padding_top_100_no_responsive&#8220;][vc_column_inner width=&#8220;1\/6&#8243;][\/vc_column_inner][vc_column_inner width=&#8220;2\/3&#8243; css=&#8220;.vc_custom_1486118458781{padding: 20px !important;}&#8220;] <h1 style=\"color:#000000;padding:px;text-align:center;font-size:55px;line-height:55px;letter-spacing: px;font-weight:lighter\" class=\"  nd_options_font_size_40_important_all_iphone nd_options_line_height_40_important_all_iphone nd_options_first_font \">Umfeld<\/h1> <div style=\"background-color:;height: 20px\" class=\"nicdark_section  \"><\/div> <p style=\"color:#000000;padding:px;text-align:center;font-size:px;line-height:px;letter-spacing: 2px;font-weight:lighter\" class=\"   nd_options_second_font \">In der Stadt Arco haben Sie die M\u00f6glichkeit das Schloss zu besuchen, es ist 15 Minuten Fu\u00dfweg von der Casa del Vicolo entfernt. Weiters k\u00f6nnen Sie in der N\u00e4he  unseres Geb\u00e4udes den Arciducale Arboreto Park besuchen, erreichbar zu Fu\u00df in 5 Minuten, die zentralen G\u00e4rten, Villen aus dem Jahre 800, das Geb\u00e4ude des Casinos und vieles mehr. In der N\u00e4he werden Sie Strecken f\u00fcr das Mountainbike ,Fahrradwege, Klettersteige, Klippen, das Kletterstadion (Rock Master), den Fluss Sarca und das Freibad finden. Wir stehen Ihnen jederzeit mit Rat und Hilfe zur Verf\u00fcgung und werden Sie \u00fcber Events und Veranstaltungen, die unsere Stadt bietet, auf dem Laufenden halten.<\/p> <div style=\"background-color:;height: 40px\" class=\"nicdark_section  \"><\/div>[\/vc_column_inner][vc_column_inner width=&#8220;1\/6&#8243;][\/vc_column_inner][\/vc_row_inner][\/vc_column][\/vc_row][vc_row css=&#8220;.vc_custom_1620054180945{margin-bottom: 50px !important;}&#8220;][vc_column css=&#8220;.vc_custom_1486118015473{padding-right: 0px !important;padding-left: 0px !important;}&#8220;]<!--START MASONRY--><div class=\"nd_options_section nd_options_masonry_content gweb-articoli \">\n\n\n\t    <div class=\" nd_options_width_33_percentage nd_options_float_left nd_options_padding_15 nd_options_box_sizing_border_box nd_options_masonry_item nd_options_width_100_percentage_responsive\">\n\t\t    <div class=\"nd_options_section nd_options_border_1_solid_grey nd_options_bg_white\">\n\n\t\t        <div class=\"nd_options_section nd_options_position_relative\">\n\t\t            \n\t\t            \n\n\n\t\t  \t<div class=\"nd_options_section nd_options_position_relative\">\n\t\t        <a href=\"https:\/\/www.casaalvicolo.it\/de\/castello-di-arco\/\"><img decoding=\"async\" alt=\"\" class=\"nd_options_section\" src=\"https:\/\/www.casaalvicolo.it\/wp-content\/uploads\/2017\/08\/Castello_di_Arco_-_Trentino_-_Lago_di_Garda-1024x685.jpg\"><\/a>\n\t\t    <\/div>\n\n\t\t  \t\n\n\t\t        <\/div>\n\n\t\t        <div class=\"nd_options_section nd_options_padding_30 nd_options_box_sizing_border_box\">\n\t\t            <h5 class=\"nd_options_margin_0_important nd_options_padding_0 nd_options_second_font nd_options_color_greydark nd_options_font_size_12 nd_options_text_transform_uppercase nd_options_letter_spacing_3 nd_options_font_weight_lighter\">Dintorni <\/h5>\n\n\t\t            <div class=\"nd_options_section nd_options_height_15\"><\/div>\n\t \t\t\t\t<div class=\"nd_options_section nd_options_line_height_0\"><span class=\"nd_options_display_inline_block nd_options_float_left nd_options_bg_greydark nd_options_width_30 nd_options_height_1\"><\/span><\/div>\n\t \t\t\t\t<div class=\"nd_options_section nd_options_height_15\"><\/div>\n\n\t\t            <h2 class=\"nd_options_margin_0_important nd_options_padding_0 \">CASTELLO DI ARCO<\/h2>\n\t\t            <div class=\"nd_options_section nd_options_height_20\"><\/div>\n\t\t            <p class=\"nd_options_margin_0_important nd_options_padding_0\">Zusammen mit dem See ist eines der Elemente, die die Landschaft des Garda Trentino charakterisieren, die Anwesenheit des Arco-Schlosses. Eine kurze Wanderung auf einem Weg, der durch Olivenhaine und Zypressen f\u00fchrt, um auf den Gipfel zu gelangen, wo die Burg mit ihren T\u00fcrmen die Ebene des Alto Garda dominiert. Von dort oben k\u00f6nnen Sie eine der sch\u00f6nsten Aussichten auf das Trentino bewundern.<\/p>\n\t\t            <div class=\"nd_options_section nd_options_height_20\"><\/div>\n\t\t            <a style=\"border: 2px solid #000;color:#000\" class=\"nd_options_display_inline_block nd_options_line_height_11 nd_options_text_align_center nd_options_box_sizing_border_box nd_options_font_size_11 nd_options_font_weight_bold nd_options_second_font nd_options_padding_15_30  \" href=\"https:\/\/www.casaalvicolo.it\/de\/castello-di-arco\/\">WEITERLESEN<\/a>\n\n\t\t        <\/div>\n\n\t\t    <\/div>\n\t\t<\/div>\n\n\n\t  \n\n\n\t    <div class=\" nd_options_width_33_percentage nd_options_float_left nd_options_padding_15 nd_options_box_sizing_border_box nd_options_masonry_item nd_options_width_100_percentage_responsive\">\n\t\t    <div class=\"nd_options_section nd_options_border_1_solid_grey nd_options_bg_white\">\n\n\t\t        <div class=\"nd_options_section nd_options_position_relative\">\n\t\t            \n\t\t            \n\n\n\t\t  \t<div class=\"nd_options_section nd_options_position_relative\">\n\t\t        <a href=\"https:\/\/www.casaalvicolo.it\/de\/falesie\/\"><img decoding=\"async\" alt=\"\" class=\"nd_options_section\" src=\"https:\/\/www.casaalvicolo.it\/wp-content\/uploads\/2017\/08\/Parco_Arciducale_Arboretum_Arco_Lago_di_Garda-1024x683.jpg\"><\/a>\n\t\t    <\/div>\n\n\t\t  \t\n\n\t\t        <\/div>\n\n\t\t        <div class=\"nd_options_section nd_options_padding_30 nd_options_box_sizing_border_box\">\n\t\t            <h5 class=\"nd_options_margin_0_important nd_options_padding_0 nd_options_second_font nd_options_color_greydark nd_options_font_size_12 nd_options_text_transform_uppercase nd_options_letter_spacing_3 nd_options_font_weight_lighter\">Outdoor <\/h5>\n\n\t\t            <div class=\"nd_options_section nd_options_height_15\"><\/div>\n\t \t\t\t\t<div class=\"nd_options_section nd_options_line_height_0\"><span class=\"nd_options_display_inline_block nd_options_float_left nd_options_bg_greydark nd_options_width_30 nd_options_height_1\"><\/span><\/div>\n\t \t\t\t\t<div class=\"nd_options_section nd_options_height_15\"><\/div>\n\n\t\t            <h2 class=\"nd_options_margin_0_important nd_options_padding_0 \">PARCO ARCIDUCALE ARBORETO<\/h2>\n\t\t            <div class=\"nd_options_section nd_options_height_20\"><\/div>\n\t\t            <p class=\"nd_options_margin_0_important nd_options_padding_0\">Der Arciducale Park ist ein Arboretum, das urspr\u00fcnglich Teil der Gr\u00fcnfl\u00e4che war, die an die gro\u00dfe Villa angeschlossen war, die der Erzherzog Albert von Habsburg um 1872 errichtete, um die Wintermonate in Arco zu verbringen. Das Arboretum bewahrt noch einige vom Erzherzog gepflanzte Arten, wie die majest\u00e4tischen Steineichen und gro\u00dfe Exemplare von Nadelb\u00e4umen, darunter Lawsons Zypresse und der riesige Mammutbaum.<\/p>\n\t\t            <div class=\"nd_options_section nd_options_height_20\"><\/div>\n\t\t            <a style=\"border: 2px solid #000;color:#000\" class=\"nd_options_display_inline_block nd_options_line_height_11 nd_options_text_align_center nd_options_box_sizing_border_box nd_options_font_size_11 nd_options_font_weight_bold nd_options_second_font nd_options_padding_15_30  \" href=\"https:\/\/www.casaalvicolo.it\/de\/falesie\/\">WEITERLESEN<\/a>\n\n\t\t        <\/div>\n\n\t\t    <\/div>\n\t\t<\/div>\n\n\n\t  \n\n\n\t    <div class=\" nd_options_width_33_percentage nd_options_float_left nd_options_padding_15 nd_options_box_sizing_border_box nd_options_masonry_item nd_options_width_100_percentage_responsive\">\n\t\t    <div class=\"nd_options_section nd_options_border_1_solid_grey nd_options_bg_white\">\n\n\t\t        <div class=\"nd_options_section nd_options_position_relative\">\n\t\t            \n\t\t            \n\n\n\t\t  \t<div class=\"nd_options_section nd_options_position_relative\">\n\t\t        <a href=\"https:\/\/www.casaalvicolo.it\/de\/centro-storico\/\"><img decoding=\"async\" alt=\"\" class=\"nd_options_section\" src=\"https:\/\/www.casaalvicolo.it\/wp-content\/uploads\/2017\/08\/chiesa-collegiata-arco-1024x683.jpg\"><\/a>\n\t\t    <\/div>\n\n\t\t  \t\n\n\t\t        <\/div>\n\n\t\t        <div class=\"nd_options_section nd_options_padding_30 nd_options_box_sizing_border_box\">\n\t\t            <h5 class=\"nd_options_margin_0_important nd_options_padding_0 nd_options_second_font nd_options_color_greydark nd_options_font_size_12 nd_options_text_transform_uppercase nd_options_letter_spacing_3 nd_options_font_weight_lighter\">Dintorni <\/h5>\n\n\t\t            <div class=\"nd_options_section nd_options_height_15\"><\/div>\n\t \t\t\t\t<div class=\"nd_options_section nd_options_line_height_0\"><span class=\"nd_options_display_inline_block nd_options_float_left nd_options_bg_greydark nd_options_width_30 nd_options_height_1\"><\/span><\/div>\n\t \t\t\t\t<div class=\"nd_options_section nd_options_height_15\"><\/div>\n\n\t\t            <h2 class=\"nd_options_margin_0_important nd_options_padding_0 \">CENTRO STORICO<\/h2>\n\t\t            <div class=\"nd_options_section nd_options_height_20\"><\/div>\n\t\t            <p class=\"nd_options_margin_0_important nd_options_padding_0\">Im historischen Zentrum gibt es viele malerische Pl\u00e4tze, alte T\u00fcren, Brunnen und versteckte Gassen mit kleinen Gesch\u00e4ften und Bars zu entdecken.<\/p>\n\t\t            <div class=\"nd_options_section nd_options_height_20\"><\/div>\n\t\t            <a style=\"border: 2px solid #000;color:#000\" class=\"nd_options_display_inline_block nd_options_line_height_11 nd_options_text_align_center nd_options_box_sizing_border_box nd_options_font_size_11 nd_options_font_weight_bold nd_options_second_font nd_options_padding_15_30  \" href=\"https:\/\/www.casaalvicolo.it\/de\/centro-storico\/\">WEITERLESEN<\/a>\n\n\t\t        <\/div>\n\n\t\t    <\/div>\n\t\t<\/div>\n\n\n\t  <\/div><!--CLOSE MASONRY-->[\/vc_column][\/vc_row]<\/p>\n","protected":false},"excerpt":{"rendered":"<p>[vc_row full_width=&#8220;stretch_row_content_no_spaces&#8220; css=&#8220;.vc_custom_1617022161546{background-position: center !important;background-repeat: no-repeat !important;background-size: cover !important;}&#8220; el_class=&#8220;nd_options_overflow_visible_important&#8220;][vc_column][vc_row_inner el_class=&#8220;nd_options_bg_greydark_alpha_gradient_3 g gweb_padding_bottom_100_no_responsive gweb_padding_top_100_no_responsiveweb_padding_bottom_100_no_responsive gweb_padding_top_100_no_responsive&#8220;][vc_column_inner width=&#8220;1\/6&#8243;][\/vc_column_inner][vc_column_inner width=&#8220;2\/3&#8243; css=&#8220;.vc_custom_1486118458781{padding: 20px !important;}&#8220;][\/vc_column_inner][vc_column_inner width=&#8220;1\/6&#8243;][\/vc_column_inner][\/vc_row_inner][\/vc_column][\/vc_row][vc_row css=&#8220;.vc_custom_1620054180945{margin-bottom: 50px !important;}&#8220;][vc_column css=&#8220;.vc_custom_1486118015473{padding-right: 0px !important;padding-left: 0px !important;}&#8220;][\/vc_column][\/vc_row]<\/p>\n","protected":false},"author":1,"featured_media":0,"parent":0,"menu_order":0,"comment_status":"closed","ping_status":"closed","template":"","meta":{"footnotes":""},"class_list":["post-2736","page","type-page","status-publish","hentry"],"yoast_head":"<!-- This site is optimized with the Yoast SEO plugin v27.5 - https:\/\/yoast.com\/product\/yoast-seo-wordpress\/ -->\n<title>Umfeld - Casa Al Vicolo<\/title>\n<meta name=\"robots\" content=\"index, follow, max-snippet:-1, max-image-preview:large, max-video-preview:-1\" \/>\n<link rel=\"canonical\" href=\"https:\/\/www.casaalvicolo.it\/de\/dintorni\/\" \/>\n<meta property=\"og:locale\" content=\"de_DE\" \/>\n<meta property=\"og:type\" content=\"article\" \/>\n<meta property=\"og:title\" content=\"Umfeld - Casa Al Vicolo\" \/>\n<meta property=\"og:description\" content=\"[vc_row full_width=&#8220;stretch_row_content_no_spaces&#8220; css=&#8220;.vc_custom_1617022161546{background-position: center !important;background-repeat: no-repeat !important;background-size: cover !important;}&#8220; el_class=&#8220;nd_options_overflow_visible_important&#8220;][vc_column][vc_row_inner el_class=&#8220;nd_options_bg_greydark_alpha_gradient_3 g gweb_padding_bottom_100_no_responsive gweb_padding_top_100_no_responsiveweb_padding_bottom_100_no_responsive gweb_padding_top_100_no_responsive&#8220;][vc_column_inner width=&#8220;1\/6&#8243;][\/vc_column_inner][vc_column_inner width=&#8220;2\/3&#8243; css=&#8220;.vc_custom_1486118458781{padding: 20px !important;}&#8220;][\/vc_column_inner][vc_column_inner width=&#8220;1\/6&#8243;][\/vc_column_inner][\/vc_row_inner][\/vc_column][\/vc_row][vc_row css=&#8220;.vc_custom_1620054180945{margin-bottom: 50px !important;}&#8220;][vc_column css=&#8220;.vc_custom_1486118015473{padding-right: 0px !important;padding-left: 0px !important;}&#8220;][\/vc_column][\/vc_row]\" \/>\n<meta property=\"og:url\" content=\"https:\/\/www.casaalvicolo.it\/de\/dintorni\/\" \/>\n<meta property=\"og:site_name\" content=\"Casa Al Vicolo\" \/>\n<meta property=\"article:modified_time\" content=\"2021-05-03T15:03:03+00:00\" \/>\n<meta name=\"twitter:card\" content=\"summary_large_image\" \/>\n<meta name=\"twitter:label1\" content=\"Gesch\u00e4tzte Lesezeit\" \/>\n\t<meta name=\"twitter:data1\" content=\"2\u00a0Minuten\" \/>\n<script type=\"application\/ld+json\" class=\"yoast-schema-graph\">{\"@context\":\"https:\\\/\\\/schema.org\",\"@graph\":[{\"@type\":\"WebPage\",\"@id\":\"https:\\\/\\\/www.casaalvicolo.it\\\/de\\\/dintorni\\\/\",\"url\":\"https:\\\/\\\/www.casaalvicolo.it\\\/de\\\/dintorni\\\/\",\"name\":\"Umfeld - Casa Al Vicolo\",\"isPartOf\":{\"@id\":\"https:\\\/\\\/www.casaalvicolo.it\\\/#website\"},\"datePublished\":\"2017-08-23T14:52:34+00:00\",\"dateModified\":\"2021-05-03T15:03:03+00:00\",\"breadcrumb\":{\"@id\":\"https:\\\/\\\/www.casaalvicolo.it\\\/de\\\/dintorni\\\/#breadcrumb\"},\"inLanguage\":\"de\",\"potentialAction\":[{\"@type\":\"ReadAction\",\"target\":[\"https:\\\/\\\/www.casaalvicolo.it\\\/de\\\/dintorni\\\/\"]}]},{\"@type\":\"BreadcrumbList\",\"@id\":\"https:\\\/\\\/www.casaalvicolo.it\\\/de\\\/dintorni\\\/#breadcrumb\",\"itemListElement\":[{\"@type\":\"ListItem\",\"position\":1,\"name\":\"Home\",\"item\":\"https:\\\/\\\/www.casaalvicolo.it\\\/de\\\/\"},{\"@type\":\"ListItem\",\"position\":2,\"name\":\"Umfeld\"}]},{\"@type\":\"WebSite\",\"@id\":\"https:\\\/\\\/www.casaalvicolo.it\\\/#website\",\"url\":\"https:\\\/\\\/www.casaalvicolo.it\\\/\",\"name\":\"Casa Al Vicolo\",\"description\":\"\",\"potentialAction\":[{\"@type\":\"SearchAction\",\"target\":{\"@type\":\"EntryPoint\",\"urlTemplate\":\"https:\\\/\\\/www.casaalvicolo.it\\\/?s={search_term_string}\"},\"query-input\":{\"@type\":\"PropertyValueSpecification\",\"valueRequired\":true,\"valueName\":\"search_term_string\"}}],\"inLanguage\":\"de\"}]}<\/script>\n<!-- \/ Yoast SEO plugin. -->","yoast_head_json":{"title":"Umfeld - Casa Al Vicolo","robots":{"index":"index","follow":"follow","max-snippet":"max-snippet:-1","max-image-preview":"max-image-preview:large","max-video-preview":"max-video-preview:-1"},"canonical":"https:\/\/www.casaalvicolo.it\/de\/dintorni\/","og_locale":"de_DE","og_type":"article","og_title":"Umfeld - Casa Al Vicolo","og_description":"[vc_row full_width=&#8220;stretch_row_content_no_spaces&#8220; css=&#8220;.vc_custom_1617022161546{background-position: center !important;background-repeat: no-repeat !important;background-size: cover !important;}&#8220; el_class=&#8220;nd_options_overflow_visible_important&#8220;][vc_column][vc_row_inner el_class=&#8220;nd_options_bg_greydark_alpha_gradient_3 g gweb_padding_bottom_100_no_responsive gweb_padding_top_100_no_responsiveweb_padding_bottom_100_no_responsive gweb_padding_top_100_no_responsive&#8220;][vc_column_inner width=&#8220;1\/6&#8243;][\/vc_column_inner][vc_column_inner width=&#8220;2\/3&#8243; css=&#8220;.vc_custom_1486118458781{padding: 20px !important;}&#8220;][\/vc_column_inner][vc_column_inner width=&#8220;1\/6&#8243;][\/vc_column_inner][\/vc_row_inner][\/vc_column][\/vc_row][vc_row css=&#8220;.vc_custom_1620054180945{margin-bottom: 50px !important;}&#8220;][vc_column css=&#8220;.vc_custom_1486118015473{padding-right: 0px !important;padding-left: 0px !important;}&#8220;][\/vc_column][\/vc_row]","og_url":"https:\/\/www.casaalvicolo.it\/de\/dintorni\/","og_site_name":"Casa Al Vicolo","article_modified_time":"2021-05-03T15:03:03+00:00","twitter_card":"summary_large_image","twitter_misc":{"Gesch\u00e4tzte Lesezeit":"2\u00a0Minuten"},"schema":{"@context":"https:\/\/schema.org","@graph":[{"@type":"WebPage","@id":"https:\/\/www.casaalvicolo.it\/de\/dintorni\/","url":"https:\/\/www.casaalvicolo.it\/de\/dintorni\/","name":"Umfeld - Casa Al Vicolo","isPartOf":{"@id":"https:\/\/www.casaalvicolo.it\/#website"},"datePublished":"2017-08-23T14:52:34+00:00","dateModified":"2021-05-03T15:03:03+00:00","breadcrumb":{"@id":"https:\/\/www.casaalvicolo.it\/de\/dintorni\/#breadcrumb"},"inLanguage":"de","potentialAction":[{"@type":"ReadAction","target":["https:\/\/www.casaalvicolo.it\/de\/dintorni\/"]}]},{"@type":"BreadcrumbList","@id":"https:\/\/www.casaalvicolo.it\/de\/dintorni\/#breadcrumb","itemListElement":[{"@type":"ListItem","position":1,"name":"Home","item":"https:\/\/www.casaalvicolo.it\/de\/"},{"@type":"ListItem","position":2,"name":"Umfeld"}]},{"@type":"WebSite","@id":"https:\/\/www.casaalvicolo.it\/#website","url":"https:\/\/www.casaalvicolo.it\/","name":"Casa Al Vicolo","description":"","potentialAction":[{"@type":"SearchAction","target":{"@type":"EntryPoint","urlTemplate":"https:\/\/www.casaalvicolo.it\/?s={search_term_string}"},"query-input":{"@type":"PropertyValueSpecification","valueRequired":true,"valueName":"search_term_string"}}],"inLanguage":"de"}]}},"_links":{"self":[{"href":"https:\/\/www.casaalvicolo.it\/de\/wp-json\/wp\/v2\/pages\/2736","targetHints":{"allow":["GET"]}}],"collection":[{"href":"https:\/\/www.casaalvicolo.it\/de\/wp-json\/wp\/v2\/pages"}],"about":[{"href":"https:\/\/www.casaalvicolo.it\/de\/wp-json\/wp\/v2\/types\/page"}],"author":[{"embeddable":true,"href":"https:\/\/www.casaalvicolo.it\/de\/wp-json\/wp\/v2\/users\/1"}],"replies":[{"embeddable":true,"href":"https:\/\/www.casaalvicolo.it\/de\/wp-json\/wp\/v2\/comments?post=2736"}],"version-history":[{"count":4,"href":"https:\/\/www.casaalvicolo.it\/de\/wp-json\/wp\/v2\/pages\/2736\/revisions"}],"predecessor-version":[{"id":2942,"href":"https:\/\/www.casaalvicolo.it\/de\/wp-json\/wp\/v2\/pages\/2736\/revisions\/2942"}],"wp:attachment":[{"href":"https:\/\/www.casaalvicolo.it\/de\/wp-json\/wp\/v2\/media?parent=2736"}],"curies":[{"name":"wp","href":"https:\/\/api.w.org\/{rel}","templated":true}]}}